{"id":2954,"date":"2020-08-24T15:37:42","date_gmt":"2020-08-24T15:37:42","guid":{"rendered":"http:\/\/oflad20082020.appwebstage.com\/?page_id=2954"},"modified":"2022-06-06T10:36:10","modified_gmt":"2022-06-06T10:36:10","slug":"our-work","status":"publish","type":"page","link":"https:\/\/oaflad.org\/fr\/notre-travail\/","title":{"rendered":"Notre travail"},"content":{"rendered":"<section class=\"container-wrap  main-color\"  style=\"background-color: #ececec;padding-top:40px;padding-bottom:40px\" ><div class=\"section-container container\"><div class=\"vc_row wpb_row vc_row-fluid row vc_row-has-fill\"><div class=\"wpb_column vc_column_container vc_col-sm-12\"><div class=\"vc_column-inner\"><div class=\"wpb_wrapper\"><div class=\"vc_row wpb_row vc_inner vc_row-fluid\"><div class=\"wpb_column vc_column_container vc_col-sm-6\"><div class=\"vc_column-inner\"><div class=\"wpb_wrapper\"><h1 style=\"color: #707070;text-align: left;font-family:Maven Pro;font-weight:900;font-style:normal\" class=\"vc_custom_heading\" id=\"\">Faits marquants<\/h1>\n\t<div class=\"kleo_text_column wpb_text_column wpb_content_element\" >\n\t\t<div class=\"wpb_wrapper\">\n\t\t\t<p>L'Organisation des Premi\u00e8res Dames Africaines pour le D\u00e9veloppement (OAFLAD) tire ses origines de l'Organisation des Premi\u00e8res Dames Africaines contre le VIH\/SIDA (OAFLA), fond\u00e9e en 2002 par trente-sept (37) Premi\u00e8res Dames Africaines. Au d\u00e9part, les objectifs de l'OPDAS \u00e9taient de (i) sensibiliser \u00e0 la pand\u00e9mie du VIH et du SIDA, (ii) mobiliser des ressources, (iii) contribuer au d\u00e9veloppement d'un leadership dans la lutte contre la pand\u00e9mie, et (iv) mettre en place une action permanente visant \u00e0 am\u00e9liorer la sant\u00e9 maternelle et infantile.<\/p>\n<p>Au fil des ans, l'OPDAS a jou\u00e9 un r\u00f4le de chef de file \u00e0 l'\u00e9chelle du continent en plaidant pour le changement politique et social et en s'engageant dans des efforts de mobilisation des ressources aux niveaux mondial, continental et national. L'OPDAS a men\u00e9 des actions par l'interm\u00e9diaire des Premi\u00e8res Dames et d'autres champions, en travaillant avec les plus vuln\u00e9rables d'Afrique, notamment les femmes et les enfants infect\u00e9s et affect\u00e9s par l'\u00e9pid\u00e9mie de SIDA. Les femmes et les enfants sont les plus touch\u00e9s par la pauvret\u00e9 et la marginalisation sociale dans la soci\u00e9t\u00e9.<\/p>\n<p>Le plan strat\u00e9gique 2019-2023 de l'OAFLAD d\u00e9crit les six domaines d'action prioritaires, dont<\/p>\n<ul>\n<li>Le VIH et le sida<\/li>\n<li>Maladies non transmissibles (MNT)<\/li>\n<li>Sant\u00e9 reproductive, maternelle, n\u00e9onatale et infantile (RMNCH)<\/li>\n<li>\u00c9galit\u00e9 des sexes, autonomisation des femmes et des jeunes<\/li>\n<li>S\u00e9curit\u00e9 et protection sociales, y compris les personnes handicap\u00e9es<\/li>\n<li>Renforcement des capacit\u00e9s institutionnelles<\/li>\n<\/ul>\n\n\t\t<\/div>\n\t<\/div><\/div><\/div><\/div><div class=\"wpb_column vc_column_container vc_col-sm-6\"><div class=\"vc_column-inner\"><div class=\"wpb_wrapper\"><div class=\"wpb_single_image wpb_content_element vc_align_right\"><figure class=\"wpb_wrapper vc_figure\"><div class=\"vc_single_image-wrapper   vc_box_border_grey\"><img loading=\"lazy\" decoding=\"async\" width=\"419\" height=\"438\" src=\"https:\/\/oaflad.org\/wp-content\/uploads\/2020\/08\/Group-176.png\" class=\"vc_single_image-img attachment-full\" alt=\"\" srcset=\"https:\/\/oaflad.org\/wp-content\/uploads\/2020\/08\/Group-176.png 419w, https:\/\/oaflad.org\/wp-content\/uploads\/2020\/08\/Group-176-287x300.png 287w, https:\/\/oaflad.org\/wp-content\/uploads\/2020\/08\/Group-176-11x12.png 11w, https:\/\/oaflad.org\/wp-content\/uploads\/2020\/08\/Group-176-96x100.png 96w\" sizes=\"(max-width: 419px) 100vw, 419px\" title=\"Group 176\" \/><\/div><\/figure><\/div><\/div><\/div><\/div><\/div><div class=\"vc_empty_space\"   style=\"height: 32px\"><span class=\"vc_empty_space_inner\"><\/span><\/div><\/div><\/div><\/div><\/div><\/div><\/section><!-- end section --><section class=\"container-wrap  main-color\"  style=\"background-image: url(https:\/\/oaflad.org\/wp-content\/uploads\/2020\/08\/Mask-Group-21.png); position: relative;;background-position: left center;background-repeat: no-repeat;background-attachment: scroll;background-size: cover;padding-top:40px;padding-bottom:40px\" ><div class=\"section-container container\"><div class=\"vc_row wpb_row vc_row-fluid row vc_row-has-fill\"><div class=\"wpb_column vc_column_container vc_col-sm-12\"><div class=\"vc_column-inner\"><div class=\"wpb_wrapper\"><h1 style=\"color: #941533;text-align: center;font-family:Maven Pro;font-weight:900;font-style:normal\" class=\"vc_custom_heading\" id=\"\">Campagnes<\/h1><div  class=\"kleo-gap\" style=\"height:40px;line-height:40px;\"><\/div><div class=\"vc_row wpb_row vc_inner vc_row-fluid\"><div class=\"wpb_column vc_column_container vc_col-sm-12\"><div class=\"vc_column-inner\"><div class=\"wpb_wrapper\"><div class='row members-compaign'>    <div class=\"col-md-6\">\n         <div class=\"col-md-6\">\n                 <div class=\"img-members\">\n            <a href=\"https:\/\/oaflad.org\/fr\/campaigns\/free-to-shine\/\"><img decoding=\"async\" class=\"animation\" src=\"https:\/\/oaflad.org\/wp-content\/uploads\/2020\/08\/01-397x226.jpg\"><\/a>\n        <\/div>\n        <\/div>\n         <div class=\"col-md-6\">\n        <div class=\"name\"><span class=\"name\">Naitre Libre Pour Briller<\/span><\/div>\n        <p><p>La strat\u00e9gie adopt\u00e9e par l'OPDAS et l'Union africaine consiste \u00e0 codiriger une campagne continentale visant \u00e0 mettre fin aux nouvelles infections par le VIH chez les enfants et \u00e0 maintenir les m\u00e8res en vie, appel\u00e9e \"Free to Shine Campaign\". Cette derni\u00e8re a \u00e9t\u00e9 officiellement lanc\u00e9e en janvier 2018 \u00e0 Addis-Abeba, en \u00c9thiopie.<\/p>\n<span class=\"readmore\"><a href=\"https:\/\/oaflad.org\/fr\/campaigns\/free-to-shine\/\">En savoir plus<\/a><\/span><\/p>\n            <\/div>\n               \n        \n    <\/div>\n        \n   <div>\n\t<div class=\"kleo_text_column wpb_text_column wpb_content_element\" >\n\t\t<div class=\"wpb_wrapper\">\n\t\t\t\n\n\t\t<\/div>\n\t<\/div><\/div><\/div><\/div><\/div><\/div><\/div><\/div><\/div><\/div><\/section><!-- end section --><section class=\"container-wrap  main-color\"  style=\"background-color: #d46930;padding-top:40px;padding-bottom:70px\" ><div class=\"section-container container\"><div id=\"partners\" class=\"vc_row wpb_row vc_row-fluid row vc_row-has-fill\"><div class=\"wpb_column vc_column_container vc_col-sm-12\"><div class=\"vc_column-inner\"><div class=\"wpb_wrapper\"><h1 style=\"color: #ffffff;text-align: center;font-family:Maven Pro;font-weight:900;font-style:normal\" class=\"vc_custom_heading\" id=\"\">Nos partenaires<\/h1><div class=\"vc_row wpb_row vc_inner vc_row-fluid\"><div class=\"wpb_column vc_column_container vc_col-sm-2\"><div class=\"vc_column-inner\"><div class=\"wpb_wrapper\"><\/div><\/div><\/div><div class=\"wpb_column vc_column_container vc_col-sm-8\"><div class=\"vc_column-inner\"><div class=\"wpb_wrapper\">\n\t<div class=\"kleo_text_column wpb_text_column wpb_content_element\" >\n\t\t<div class=\"wpb_wrapper\">\n\t\t\t<p style=\"text-align: center;\"><span style=\"color: #ffffff;\">Pour mieux r\u00e9pondre aux besoins des membres cibl\u00e9s de la communaut\u00e9, l'\u00e9tablissement de partenariats et de r\u00e9seaux avec des institutions aux vues similaires afin de promouvoir le travail en collaboration et d'optimiser les dons des sympathisants fait partie int\u00e9grante de la strat\u00e9gie de l'OAFLAD visant \u00e0 am\u00e9liorer la visibilit\u00e9 organisationnelle et l'engagement des parties prenantes et \u00e0 assurer la viabilit\u00e9 des programmes et des finances.<\/span><\/p>\n\n\t\t<\/div>\n\t<\/div><div  class=\"kleo-gap\" style=\"height:40px;line-height:40px;\"><\/div><\/div><\/div><\/div><div class=\"wpb_column vc_column_container vc_col-sm-2\"><div class=\"vc_column-inner\"><div class=\"wpb_wrapper\"><\/div><\/div><\/div><\/div><div class=\"vc_row wpb_row vc_inner vc_row-fluid vc_custom_1598284326531\"><div class=\"wpb_column vc_column_container vc_col-sm-12\"><div class=\"vc_column-inner vc_custom_1598541194943\"><div class=\"wpb_wrapper\"><div class='row Partners-wrappers'>     \n      <div class=\"col-sm-1-5\" style=\"padding: 10px;\">\n                             <a href=\"https:\/\/au.int \" target=\"_blank\">\n           <img decoding=\"async\" src=\"https:\/\/oaflad.org\/wp-content\/uploads\/2020\/08\/logos_i-672x448.jpg\" alt=\"\"> \n             <\/a>\n           \n\n           \n          <\/div>\n         \n        \n         \n    \n        \n        \n      <div class=\"col-sm-1-5\" style=\"padding: 10px;\">\n                             <a href=\"https:\/\/www.unaids.org\/en \" target=\"_blank\">\n           <img decoding=\"async\" src=\"https:\/\/oaflad.org\/wp-content\/uploads\/2020\/08\/logos_UNAIDS-672x448.jpg\" alt=\"\"> \n             <\/a>\n           \n\n           \n          <\/div>\n         \n        \n         \n    \n        \n        \n      <div class=\"col-sm-1-5\" style=\"padding: 10px;\">\n                             <a href=\"https:\/\/www.unfpa.org\" target=\"_blank\">\n           <img decoding=\"async\" src=\"https:\/\/oaflad.org\/wp-content\/uploads\/2020\/08\/logos_UNFPA-672x448.jpg\" alt=\"\"> \n             <\/a>\n           \n\n           \n          <\/div>\n         \n        \n         \n    \n        \n        \n      <div class=\"col-sm-1-5\" style=\"padding: 10px;\">\n                             <a href=\"https:\/\/www.who.int \" target=\"_blank\">\n           <img decoding=\"async\" src=\"https:\/\/oaflad.org\/wp-content\/uploads\/2020\/08\/logos_WHO-672x448.jpg\" alt=\"\"> \n             <\/a>\n           \n\n           \n          <\/div>\n         \n        \n         \n    \n        \n        \n      <div class=\"col-sm-1-5\" style=\"padding: 10px;\">\n                             <a href=\"https:\/\/www.unicef.org \" target=\"_blank\">\n           <img decoding=\"async\" src=\"https:\/\/oaflad.org\/wp-content\/uploads\/2020\/08\/logos_unicef-672x449.jpg\" alt=\"\"> \n             <\/a>\n           \n\n           \n          <\/div>\n         \n        \n         \n    \n        \n        \n      <div class=\"col-sm-1-5\" style=\"padding: 10px;\">\n                             <a href=\"https:\/\/www.theglobalfund.org\/en\/ \" target=\"_blank\">\n           <img decoding=\"async\" src=\"https:\/\/oaflad.org\/wp-content\/uploads\/2020\/08\/logos_The-Global-Fund-672x449.jpg\" alt=\"\"> \n             <\/a>\n           \n\n           \n          <\/div>\n         \n        \n         \n    \n        \n        \n      <div class=\"col-sm-1-5\" style=\"padding: 10px;\">\n                             <a href=\"https:\/\/www.ippf.org \" target=\"_blank\">\n           <img decoding=\"async\" src=\"https:\/\/oaflad.org\/wp-content\/uploads\/2020\/08\/logos_IPPF-672x448.jpg\" alt=\"\"> \n             <\/a>\n           \n\n           \n          <\/div>\n         \n        \n         \n    \n        \n        \n      <div class=\"col-sm-1-5\" style=\"padding: 10px;\">\n                             <a href=\"https:\/\/www.gavi.org\/fr\" target=\"_blank\">\n           <img decoding=\"async\" src=\"https:\/\/oaflad.org\/wp-content\/uploads\/2020\/08\/logos_gavi-672x449.jpg\" alt=\"\"> \n             <\/a>\n           \n\n           \n          <\/div>\n         \n        \n         \n    \n        \n        \n      <div class=\"col-sm-1-5\" style=\"padding: 10px;\">\n                             <a href=\"https:\/\/www.abbott.com\" target=\"_blank\">\n           <img decoding=\"async\" src=\"https:\/\/oaflad.org\/wp-content\/uploads\/2020\/08\/logos_Abbott-672x448.jpg\" alt=\"\"> \n             <\/a>\n           \n\n           \n          <\/div>\n         \n        \n         \n    \n        \n        \n      <div class=\"col-sm-1-5\" style=\"padding: 10px;\">\n                             <a href=\"https:\/\/www.gilead.com \" target=\"_blank\">\n           <img decoding=\"async\" src=\"https:\/\/oaflad.org\/wp-content\/uploads\/2020\/08\/logos_Gilead-672x448.jpg\" alt=\"\"> \n             <\/a>\n           \n\n           \n          <\/div>\n         \n        \n         \n    \n        \n        \n      <div class=\"col-sm-1-5\" style=\"padding: 10px;\">\n                             <a href=\"https:\/\/www.roche.com \" target=\"_blank\">\n           <img decoding=\"async\" src=\"https:\/\/oaflad.org\/wp-content\/uploads\/2020\/08\/logos_Roche-672x448.jpg\" alt=\"\"> \n             <\/a>\n           \n\n           \n          <\/div>\n         \n        \n         \n    \n        \n        \n      <div class=\"col-sm-1-5\" style=\"padding: 10px;\">\n                             <a href=\"http:\/\/en.cabc.org.cn\/?c=networks&a=index\" target=\"_blank\">\n           <img decoding=\"async\" src=\"https:\/\/oaflad.org\/wp-content\/uploads\/2020\/08\/logos_Chin-Africa-672x448.jpg\" alt=\"\"> \n             <\/a>\n           \n\n           \n          <\/div>\n         \n        \n         \n    \n        \n        \n      <div class=\"col-sm-1-5\" style=\"padding: 10px;\">\n                             <a href=\"https:\/\/pedaids.org\" target=\"_blank\">\n           <img decoding=\"async\" src=\"https:\/\/oaflad.org\/wp-content\/uploads\/2020\/08\/logos_Elizabeth-Glaser-Pediatric-AIDS-Foundation-672x449.jpg\" alt=\"\"> \n             <\/a>\n           \n\n           \n          <\/div>\n         \n        \n         \n    \n        \n        \n      <div class=\"col-sm-1-5\" style=\"padding: 10px;\">\n                             <a href=\"https:\/\/www.gfla.org \" target=\"_blank\">\n           <img decoding=\"async\" src=\"https:\/\/oaflad.org\/wp-content\/uploads\/2020\/08\/logos_Global-First-Ladies-Alliance-672x449.jpg\" alt=\"\"> \n             <\/a>\n           \n\n           \n          <\/div>\n         \n        \n         \n    \n        \n        \n      <div class=\"col-sm-1-5\" style=\"padding: 10px;\">\n                             <a href=\"https:\/\/plan-international.org \" target=\"_blank\">\n           <img decoding=\"async\" src=\"https:\/\/oaflad.org\/wp-content\/uploads\/2020\/08\/logos_Plan-international-672x448.jpg\" alt=\"\"> \n             <\/a>\n           \n\n           \n          <\/div>\n         \n        \n         \n    \n        \n        \n      <div class=\"col-sm-1-5\" style=\"padding: 10px;\">\n                             <a href=\"https:\/\/amref.org \" target=\"_blank\">\n           <img decoding=\"async\" src=\"https:\/\/oaflad.org\/wp-content\/uploads\/2020\/08\/logos_amref-672x448.jpg\" alt=\"\"> \n             <\/a>\n           \n\n           \n          <\/div>\n         \n        \n         \n    \n        \n   <\/div>\n\t<div class=\"kleo_text_column wpb_text_column wpb_content_element\" >\n\t\t<div class=\"wpb_wrapper\">\n\t\t\t\n\n\t\t<\/div>\n\t<\/div><\/div><\/div><\/div><\/div><\/div><\/div><\/div><div class=\"wpb_column vc_column_container vc_col-sm-12\"><div class=\"vc_column-inner\"><div class=\"wpb_wrapper\"><\/div><\/div><\/div><\/div><\/div><\/section><!-- end section --><\/p>","protected":false},"excerpt":{"rendered":"","protected":false},"author":1,"featured_media":0,"parent":0,"menu_order":0,"comment_status":"closed","ping_status":"closed","template":"","meta":{"_bbp_topic_count":0,"_bbp_reply_count":0,"_bbp_total_topic_count":0,"_bbp_total_reply_count":0,"_bbp_voice_count":0,"_bbp_anonymous_reply_count":0,"_bbp_topic_count_hidden":0,"_bbp_reply_count_hidden":0,"_bbp_forum_subforum_count":0,"footnotes":""},"acf":[],"_links":{"self":[{"href":"https:\/\/oaflad.org\/fr\/wp-json\/wp\/v2\/pages\/2954"}],"collection":[{"href":"https:\/\/oaflad.org\/fr\/wp-json\/wp\/v2\/pages"}],"about":[{"href":"https:\/\/oaflad.org\/fr\/wp-json\/wp\/v2\/types\/page"}],"author":[{"embeddable":true,"href":"https:\/\/oaflad.org\/fr\/wp-json\/wp\/v2\/users\/1"}],"replies":[{"embeddable":true,"href":"https:\/\/oaflad.org\/fr\/wp-json\/wp\/v2\/comments?post=2954"}],"version-history":[{"count":24,"href":"https:\/\/oaflad.org\/fr\/wp-json\/wp\/v2\/pages\/2954\/revisions"}],"predecessor-version":[{"id":4419,"href":"https:\/\/oaflad.org\/fr\/wp-json\/wp\/v2\/pages\/2954\/revisions\/4419"}],"wp:attachment":[{"href":"https:\/\/oaflad.org\/fr\/wp-json\/wp\/v2\/media?parent=2954"}],"curies":[{"name":"wp","href":"https:\/\/api.w.org\/{rel}","templated":true}]}}