{"id":2965,"date":"2020-08-24T15:45:00","date_gmt":"2020-08-24T15:45:00","guid":{"rendered":"http:\/\/oflad20082020.appwebstage.com\/?page_id=2965"},"modified":"2022-11-28T17:37:34","modified_gmt":"2022-11-28T17:37:34","slug":"what_we-do","status":"publish","type":"page","link":"https:\/\/oaflad.org\/fr\/what_we-do\/","title":{"rendered":"Ce que nous faisons"},"content":{"rendered":"<section class=\"container-wrap  main-color custom-color\"  style=\"color: #ffffff;background-image: url(https:\/\/oaflad.org\/wp-content\/uploads\/2020\/08\/Mask-Group-19-n.png); position: relative;;background-color: #941533;background-position: right bottom;background-repeat: no-repeat;background-attachment: scroll;background-size: cover;padding-top:40px;padding-bottom:40px\" ><div class=\"section-container container\"><div class=\"vc_row wpb_row vc_row-fluid row vc_row-has-fill\"><div class=\"wpb_column vc_column_container vc_col-sm-12\"><div class=\"vc_column-inner\"><div class=\"wpb_wrapper\"><div class=\"vc_row wpb_row vc_inner vc_row-fluid\"><div class=\"wpb_column vc_column_container vc_col-sm-3\"><div class=\"vc_column-inner\"><div class=\"wpb_wrapper\"><\/div><\/div><\/div><div class=\"wpb_column vc_column_container vc_col-sm-6\"><div class=\"vc_column-inner\"><div class=\"wpb_wrapper\"><div  class=\"kleo-gap\" style=\"height:50px;line-height:50px;\"><\/div>\n\t<div class=\"kleo_text_column wpb_text_column wpb_content_element\" >\n\t\t<div class=\"wpb_wrapper\">\n\t\t\t<p style=\"text-align: center;\"><span style=\"color: #ffffff;\">Les activit\u00e9s de plaidoyer des Premi\u00e8res Dames d'Afrique sont ancr\u00e9es sur un objectif :<\/span><\/p>\n<h1 style=\"text-align: center;\"><span style=\"color: #ffffff;\">Apporter une contribution significative \u00e0 la sant\u00e9 et au bien-\u00eatre des enfants, des jeunes et des femmes en Afrique.<\/span><\/h1>\n\n\t\t<\/div>\n\t<\/div><div  class=\"kleo-gap\" style=\"height:50px;line-height:50px;\"><\/div><\/div><\/div><\/div><div class=\"wpb_column vc_column_container vc_col-sm-3\"><div class=\"vc_column-inner\"><div class=\"wpb_wrapper\"><\/div><\/div><\/div><\/div><\/div><\/div><\/div><\/div><\/div><\/section><!-- end section --><section class=\"container-wrap  main-color\"  style=\"background-image: url(https:\/\/oaflad.org\/wp-content\/uploads\/2020\/08\/Mask-Group-12.png); position: relative;;background-position: center center;background-repeat: no-repeat;background-attachment: scroll;background-size: cover;padding-top:40px;padding-bottom:40px\" ><div class=\"section-container container\"><div class=\"vc_row wpb_row vc_row-fluid row vc_row-has-fill\"><div class=\"wpb_column vc_column_container vc_col-sm-12\"><div class=\"vc_column-inner\"><div class=\"wpb_wrapper\"><div class=\"vc_row wpb_row vc_inner vc_row-fluid padding-30px\"><div class=\"wpb_column vc_column_container vc_col-sm-3\"><div class=\"vc_column-inner\"><div class=\"wpb_wrapper\"><\/div><\/div><\/div><div class=\"wpb_column vc_column_container vc_col-sm-6\"><div class=\"vc_column-inner\"><div class=\"wpb_wrapper\"><h1 style=\"color: #ffffff;text-align: center;font-family:Maven Pro;font-weight:900;font-style:normal\" class=\"vc_custom_heading\" id=\"\">Notre objectif<\/h1>\n\t<div class=\"kleo_text_column wpb_text_column wpb_content_element\"  style=\" color:#ffffff;\">\n\t\t<div class=\"wpb_wrapper\">\n\t\t\t<h3 style=\"text-align: center;\"><strong>Le VIH et le sida<\/strong><\/h3>\n<h3><\/h3>\n<h3 style=\"text-align: center;\"><strong>Non-communical Diseases (NCDs)<\/strong><\/h3>\n<h3><\/h3>\n<h3 style=\"text-align: center;\"><strong>Sant\u00e9 reproductive, maternelle, n\u00e9onatale et infantile (RMNCH)<\/strong><\/h3>\n<h3><\/h3>\n<h3 style=\"text-align: center;\"><strong>\u00c9galit\u00e9 des sexes, autonomisation des femmes et des jeunes<\/strong><\/h3>\n<h3><\/h3>\n<h3 style=\"text-align: center;\"><strong>S\u00e9curit\u00e9 et protection sociales, y compris les personnes handicap\u00e9es<\/strong><\/h3>\n<h3><\/h3>\n<h3 style=\"text-align: center;\"><strong>Renforcement des capacit\u00e9s institutionnelles<\/strong><\/h3>\n\n\t\t<\/div>\n\t<\/div><div class=\"text-center\"><a class=\"btn btn-see-through\" href=\"\/fr\/our-work\/\">voir les projets<\/a><\/div><\/div><\/div><\/div><div class=\"wpb_column vc_column_container vc_col-sm-3\"><div class=\"vc_column-inner\"><div class=\"wpb_wrapper\"><\/div><\/div><\/div><\/div><div  class=\"kleo-gap\" style=\"height:100px;line-height:100px;\"><\/div><\/div><\/div><\/div><\/div><\/div><\/section><!-- end section --><section class=\"container-wrap  add-flex-to-wrapper main-color\"  style=\"padding-top:40px;padding-bottom:40px\" ><div class=\"section-container container\"><div class=\"vc_row wpb_row vc_row-fluid row\"><div class=\"add-flex wpb_column vc_column_container vc_col-sm-3\"><div class=\"vc_column-inner\"><div class=\"wpb_wrapper\"><h1 style=\"color: #707070;text-align: center;font-family:Maven Pro;font-weight:900;font-style:normal\" class=\"vc_custom_heading\" id=\"\">Principe de<br \/>\nfonctionnement<\/h1><\/div><\/div><\/div><div class=\"wpb_column vc_column_container vc_col-sm-9\"><div class=\"vc_column-inner\"><div class=\"wpb_wrapper\"><div class=\"vc_row wpb_row vc_inner vc_row-fluid padding-40px\"><div class=\"wpb_column vc_column_container vc_col-sm-4\"><div class=\"vc_column-inner\"><div class=\"wpb_wrapper\"><h3 style=\"color: #707070;text-align: left;font-family:Maven Pro;font-weight:700;font-style:normal\" class=\"vc_custom_heading\" id=\"\">Sensible \u00e0 l'\u00e9galit\u00e9 des sexes<\/h3>\n\t<div class=\"kleo_text_column wpb_text_column wpb_content_element\" >\n\t\t<div class=\"wpb_wrapper\">\n\t\t\t<p>Veiller \u00e0 ce que les interventions de l'OAFLAD permettent aux femmes, aux hommes, aux filles et aux gar\u00e7ons de jouir des m\u00eames droits, opportunit\u00e9s et r\u00e9compenses.<\/p>\n\n\t\t<\/div>\n\t<\/div><\/div><\/div><\/div><div class=\"wpb_column vc_column_container vc_col-sm-4\"><div class=\"vc_column-inner\"><div class=\"wpb_wrapper\"><h3 style=\"color: #707070;text-align: left;font-family:Maven Pro;font-weight:700;font-style:normal\" class=\"vc_custom_heading\" id=\"\">S'engager \u00e0 l'\u00e9chelle mondiale<\/h3>\n\t<div class=\"kleo_text_column wpb_text_column wpb_content_element\" >\n\t\t<div class=\"wpb_wrapper\">\n\t\t\t<p>Alignement sur les objectifs de d\u00e9veloppement durable (SDG) et le programme pour l'Afrique 2063.<\/p>\n\n\t\t<\/div>\n\t<\/div><\/div><\/div><\/div><div class=\"wpb_column vc_column_container vc_col-sm-4\"><div class=\"vc_column-inner\"><div class=\"wpb_wrapper\"><h3 style=\"color: #707070;text-align: left;font-family:Maven Pro;font-weight:700;font-style:normal\" class=\"vc_custom_heading\" id=\"\">Int\u00e9gr\u00e9<\/h3>\n\t<div class=\"kleo_text_column wpb_text_column wpb_content_element\" >\n\t\t<div class=\"wpb_wrapper\">\n\t\t\t<p>Promouvoir l'int\u00e9gration des interventions des appuis de l'OAFLAD afin de maximiser l'impact de nos investissements.<\/p>\n\n\t\t<\/div>\n\t<\/div><\/div><\/div><\/div><\/div><div  class=\"kleo-gap\" style=\"height:30px;line-height:30px;\"><\/div><div class=\"vc_row wpb_row vc_inner vc_row-fluid padding-40px\"><div class=\"wpb_column vc_column_container vc_col-sm-4\"><div class=\"vc_column-inner\"><div class=\"wpb_wrapper\"><h3 style=\"color: #707070;text-align: left;font-family:Maven Pro;font-weight:700;font-style:normal\" class=\"vc_custom_heading\" id=\"\">Catalytique et durable<\/h3>\n\t<div class=\"kleo_text_column wpb_text_column wpb_content_element\" >\n\t\t<div class=\"wpb_wrapper\">\n\t\t\t<p>Fournir un soutien pour g\u00e9n\u00e9rer des r\u00e9sultats durables \u00e0 long terme.<\/p>\n\n\t\t<\/div>\n\t<\/div><\/div><\/div><\/div><div class=\"wpb_column vc_column_container vc_col-sm-4\"><div class=\"vc_column-inner\"><div class=\"wpb_wrapper\"><h3 style=\"color: #707070;text-align: left;font-family:Maven Pro;font-weight:700;font-style:normal\" class=\"vc_custom_heading\" id=\"\">Bas\u00e9 sur des preuves et ax\u00e9 sur les r\u00e9sultats<\/h3>\n\t<div class=\"kleo_text_column wpb_text_column wpb_content_element\" >\n\t\t<div class=\"wpb_wrapper\">\n\t\t\t<p>Veiller \u00e0 ce que l'OAFLAD n'intervienne que dans les programmes et activit\u00e9s qui sont fond\u00e9s sur des preuves et qui obtiennent des r\u00e9sultats mesurables.<\/p>\n\n\t\t<\/div>\n\t<\/div><\/div><\/div><\/div><div class=\"wpb_column vc_column_container vc_col-sm-4\"><div class=\"vc_column-inner\"><div class=\"wpb_wrapper\"><h3 style=\"color: #707070;text-align: left;font-family:Maven Pro;font-weight:700;font-style:normal\" class=\"vc_custom_heading\" id=\"\">Conscients de l'environnement<\/h3>\n\t<div class=\"kleo_text_column wpb_text_column wpb_content_element\" >\n\t\t<div class=\"wpb_wrapper\">\n\t\t\t<p>R\u00e9duire et att\u00e9nuer tout impact n\u00e9gatif des investissements de l'OAFLAD sur l'environnement.<\/p>\n\n\t\t<\/div>\n\t<\/div><\/div><\/div><\/div><\/div><div  class=\"kleo-gap\" style=\"height:30px;line-height:30px;\"><\/div><div class=\"vc_row wpb_row vc_inner vc_row-fluid padding-40px\"><div class=\"wpb_column vc_column_container vc_col-sm-4\"><div class=\"vc_column-inner\"><div class=\"wpb_wrapper\"><\/div><\/div><\/div><div class=\"wpb_column vc_column_container vc_col-sm-4\"><div class=\"vc_column-inner\"><div class=\"wpb_wrapper\"><h3 style=\"color: #707070;text-align: left;font-family:Maven Pro;font-weight:700;font-style:normal\" class=\"vc_custom_heading\" id=\"\">Bas\u00e9 sur les droits<\/h3>\n\t<div class=\"kleo_text_column wpb_text_column wpb_content_element\" >\n\t\t<div class=\"wpb_wrapper\">\n\t\t\t<p>Veiller \u00e0 ce que le but ultime des interventions soit la r\u00e9alisation des droits des femmes, des hommes, des filles et des gar\u00e7ons, et des groupes vuln\u00e9rables, tels qu'ils sont \u00e9nonc\u00e9s dans les conventions et d\u00e9clarations nationales, r\u00e9gionales et internationales.<\/p>\n\n\t\t<\/div>\n\t<\/div><\/div><\/div><\/div><div class=\"wpb_column vc_column_container vc_col-sm-4\"><div class=\"vc_column-inner\"><div class=\"wpb_wrapper\"><\/div><\/div><\/div><\/div><div  class=\"kleo-gap\" style=\"height:30px;line-height:30px;\"><\/div><\/div><\/div><\/div><\/div><\/div><\/section><!-- end section --><\/p>","protected":false},"excerpt":{"rendered":"The First Ladies of Africa advocacy activities are anchored on one goal: To make a significant contribution to the health and well-being of children, youth and women in Africa. Our Focus HIV and AIDS Non-communical Diseases (NCDs) Reproductive, Maternal, Newborn and Child Health (RMNCH) Gender Equality Women and Youth Empowerment Social Security and Protection including Persons with Disabilities Institutional Capacity [...]","protected":false},"author":1,"featured_media":0,"parent":0,"menu_order":0,"comment_status":"closed","ping_status":"closed","template":"","meta":{"_bbp_topic_count":0,"_bbp_reply_count":0,"_bbp_total_topic_count":0,"_bbp_total_reply_count":0,"_bbp_voice_count":0,"_bbp_anonymous_reply_count":0,"_bbp_topic_count_hidden":0,"_bbp_reply_count_hidden":0,"_bbp_forum_subforum_count":0,"footnotes":""},"acf":[],"_links":{"self":[{"href":"https:\/\/oaflad.org\/fr\/wp-json\/wp\/v2\/pages\/2965"}],"collection":[{"href":"https:\/\/oaflad.org\/fr\/wp-json\/wp\/v2\/pages"}],"about":[{"href":"https:\/\/oaflad.org\/fr\/wp-json\/wp\/v2\/types\/page"}],"author":[{"embeddable":true,"href":"https:\/\/oaflad.org\/fr\/wp-json\/wp\/v2\/users\/1"}],"replies":[{"embeddable":true,"href":"https:\/\/oaflad.org\/fr\/wp-json\/wp\/v2\/comments?post=2965"}],"version-history":[{"count":8,"href":"https:\/\/oaflad.org\/fr\/wp-json\/wp\/v2\/pages\/2965\/revisions"}],"predecessor-version":[{"id":2972,"href":"https:\/\/oaflad.org\/fr\/wp-json\/wp\/v2\/pages\/2965\/revisions\/2972"}],"wp:attachment":[{"href":"https:\/\/oaflad.org\/fr\/wp-json\/wp\/v2\/media?parent=2965"}],"curies":[{"name":"wp","href":"https:\/\/api.w.org\/{rel}","templated":true}]}}