{"id":3388,"date":"2020-08-26T17:14:36","date_gmt":"2020-08-26T17:14:36","guid":{"rendered":"http:\/\/oflad20082020.appwebstage.com\/?page_id=3388"},"modified":"2020-08-26T17:22:24","modified_gmt":"2020-08-26T17:22:24","slug":"campaigns","status":"publish","type":"page","link":"https:\/\/oaflad.org\/fr\/campaigns\/","title":{"rendered":"Campagnes"},"content":{"rendered":"<section class=\"container-wrap  main-color\"  style=\"background-image: url(https:\/\/oaflad.org\/wp-content\/uploads\/2020\/08\/Mask-Group-21.png); position: relative;;background-position: left center;background-repeat: no-repeat;background-attachment: scroll;background-size: cover;padding-top:40px;padding-bottom:40px\" ><div class=\"section-container container\"><div class=\"vc_row wpb_row vc_row-fluid row vc_row-has-fill\"><div class=\"wpb_column vc_column_container vc_col-sm-12\"><div class=\"vc_column-inner\"><div class=\"wpb_wrapper\"><div class='row members-compaign'>    <div class=\"col-md-6\">\n         <div class=\"col-md-6\">\n                 <div class=\"img-members\">\n            <a href=\"https:\/\/oaflad.org\/fr\/campaigns\/free-to-shine\/\"><img decoding=\"async\" class=\"animation\" src=\"https:\/\/oaflad.org\/wp-content\/uploads\/2020\/08\/01-397x226.jpg\"><\/a>\n        <\/div>\n        <\/div>\n         <div class=\"col-md-6\">\n        <div class=\"name\"><span class=\"name\">Naitre Libre Pour Briller<\/span><\/div>\n        <p><p>La strat\u00e9gie adopt\u00e9e par l'OPDAS et l'Union africaine consiste \u00e0 codiriger une campagne continentale visant \u00e0 mettre fin aux nouvelles infections par le VIH chez les enfants et \u00e0 maintenir les m\u00e8res en vie, appel\u00e9e \"Free to Shine Campaign\". Cette derni\u00e8re a \u00e9t\u00e9 officiellement lanc\u00e9e en janvier 2018 \u00e0 Addis-Abeba, en \u00c9thiopie.<\/p>\n<span class=\"readmore\"><a href=\"https:\/\/oaflad.org\/fr\/campaigns\/free-to-shine\/\">En savoir plus<\/a><\/span><\/p>\n            <\/div>\n               \n        \n    <\/div>\n        \n   <div>\n\t<div class=\"kleo_text_column wpb_text_column wpb_content_element\" >\n\t\t<div class=\"wpb_wrapper\">\n\t\t\t\n\n\t\t<\/div>\n\t<\/div><\/div><\/div><\/div><\/div><\/div><\/section><!-- end section -->","protected":false},"excerpt":{"rendered":"The strategy adopted by OAFLA and the Africa Union is to co-lead a continental campaign to end new HIV infections in children and keep mothers alive called Free to Shine Campaign. The latter was officially launched on January 2018 in Addis Ababa Ethiopia. The First Ladies of Africa have played a vital role in building awareness and harnessing political commitment [...]","protected":false},"author":1,"featured_media":0,"parent":0,"menu_order":0,"comment_status":"closed","ping_status":"closed","template":"","meta":{"_bbp_topic_count":0,"_bbp_reply_count":0,"_bbp_total_topic_count":0,"_bbp_total_reply_count":0,"_bbp_voice_count":0,"_bbp_anonymous_reply_count":0,"_bbp_topic_count_hidden":0,"_bbp_reply_count_hidden":0,"_bbp_forum_subforum_count":0,"footnotes":""},"acf":[],"_links":{"self":[{"href":"https:\/\/oaflad.org\/fr\/wp-json\/wp\/v2\/pages\/3388"}],"collection":[{"href":"https:\/\/oaflad.org\/fr\/wp-json\/wp\/v2\/pages"}],"about":[{"href":"https:\/\/oaflad.org\/fr\/wp-json\/wp\/v2\/types\/page"}],"author":[{"embeddable":true,"href":"https:\/\/oaflad.org\/fr\/wp-json\/wp\/v2\/users\/1"}],"replies":[{"embeddable":true,"href":"https:\/\/oaflad.org\/fr\/wp-json\/wp\/v2\/comments?post=3388"}],"version-history":[{"count":4,"href":"https:\/\/oaflad.org\/fr\/wp-json\/wp\/v2\/pages\/3388\/revisions"}],"predecessor-version":[{"id":3396,"href":"https:\/\/oaflad.org\/fr\/wp-json\/wp\/v2\/pages\/3388\/revisions\/3396"}],"wp:attachment":[{"href":"https:\/\/oaflad.org\/fr\/wp-json\/wp\/v2\/media?parent=3388"}],"curies":[{"name":"wp","href":"https:\/\/api.w.org\/{rel}","templated":true}]}}