{"id":2954,"date":"2020-08-24T15:37:42","date_gmt":"2020-08-24T15:37:42","guid":{"rendered":"http:\/\/oflad20082020.appwebstage.com\/?page_id=2954"},"modified":"2022-06-06T10:36:10","modified_gmt":"2022-06-06T10:36:10","slug":"our-work","status":"publish","type":"page","link":"https:\/\/oaflad.org\/pt\/our-work\/","title":{"rendered":"O nosso trabalho"},"content":{"rendered":"<section class=\"container-wrap  main-color\"  style=\"background-color: #ececec;padding-top:40px;padding-bottom:40px\" ><div class=\"section-container container\"><div class=\"vc_row wpb_row vc_row-fluid row vc_row-has-fill\"><div class=\"wpb_column vc_column_container vc_col-sm-12\"><div class=\"vc_column-inner\"><div class=\"wpb_wrapper\"><div class=\"vc_row wpb_row vc_inner vc_row-fluid\"><div class=\"wpb_column vc_column_container vc_col-sm-6\"><div class=\"vc_column-inner\"><div class=\"wpb_wrapper\"><h1 style=\"color: #707070;text-align: left;font-family:Maven Pro;font-weight:900;font-style:normal\" class=\"vc_custom_heading\" id=\"\">Destaques<\/h1>\n\t<div class=\"kleo_text_column wpb_text_column wpb_content_element\" >\n\t\t<div class=\"wpb_wrapper\">\n\t\t\t<p>A Organiza\u00e7\u00e3o de Primeiras Senhoras Africanas para o Desenvolvimento (OAFLAD) tem as suas ra\u00edzes na Organiza\u00e7\u00e3o de Primeiras Senhoras Africanas contra o VIH\/SIDA (OAFLA) fundada em 2002 por trinta e sete (37) Primeiras Senhoras Africanas. No in\u00edcio, os objectivos da OAFLA eram (i) defender uma maior sensibiliza\u00e7\u00e3o para a pandemia do VIH e SIDA, (ii) mobilizar recursos, (iii) contribuir para o desenvolvimento da lideran\u00e7a no tratamento da pandemia, e (iv) estabelecer uma ac\u00e7\u00e3o permanente com vista a melhorar a sa\u00fade materna e infantil.<\/p>\n<p>Ao longo dos anos, a OAFLA tem proporcionado lideran\u00e7a a n\u00edvel continental defendendo a mudan\u00e7a pol\u00edtica e social, e empenhando-se em esfor\u00e7os de mobiliza\u00e7\u00e3o de recursos a n\u00edvel global, continental e nacional. OAFLA impulsionou a ac\u00e7\u00e3o atrav\u00e9s das Primeiras-Damas e outros campe\u00f5es, trabalhando com os mais vulner\u00e1veis de \u00c1frica, incluindo mulheres e crian\u00e7as infectadas e afectadas pela epidemia de SIDA. Mulheres e crian\u00e7as suportam o peso da pobreza e da marginaliza\u00e7\u00e3o social na sociedade.<\/p>\n<p>O Plano Estrat\u00e9gico 2019-2023 do OAFLAD descreve as seis \u00e1reas de enfoque, incluindo<\/p>\n<ul>\n<li>VIH e SIDA<\/li>\n<li>Doen\u00e7as n\u00e3o transmiss\u00edveis (DANTs)<\/li>\n<li>Sa\u00fade Reprodutiva, Materna, Neonatal e Infantil (RMNCH)<\/li>\n<li>Igualdade de G\u00e9nero, Mulheres e Empoderamento dos Jovens<\/li>\n<li>Seguran\u00e7a e Protec\u00e7\u00e3o Social incluindo Pessoas com Defici\u00eancia<\/li>\n<li>Refor\u00e7o da Capacidade Institucional<\/li>\n<\/ul>\n\n\t\t<\/div>\n\t<\/div><\/div><\/div><\/div><div class=\"wpb_column vc_column_container vc_col-sm-6\"><div class=\"vc_column-inner\"><div class=\"wpb_wrapper\"><div class=\"wpb_single_image wpb_content_element vc_align_right\"><figure class=\"wpb_wrapper vc_figure\"><div class=\"vc_single_image-wrapper   vc_box_border_grey\"><img loading=\"lazy\" decoding=\"async\" width=\"419\" height=\"438\" src=\"https:\/\/oaflad.org\/wp-content\/uploads\/2020\/08\/Group-176.png\" class=\"vc_single_image-img attachment-full\" alt=\"\" srcset=\"https:\/\/oaflad.org\/wp-content\/uploads\/2020\/08\/Group-176.png 419w, https:\/\/oaflad.org\/wp-content\/uploads\/2020\/08\/Group-176-287x300.png 287w, https:\/\/oaflad.org\/wp-content\/uploads\/2020\/08\/Group-176-11x12.png 11w, https:\/\/oaflad.org\/wp-content\/uploads\/2020\/08\/Group-176-96x100.png 96w\" sizes=\"(max-width: 419px) 100vw, 419px\" title=\"Group 176\" \/><\/div><\/figure><\/div><\/div><\/div><\/div><\/div><div class=\"vc_empty_space\"   style=\"height: 32px\"><span class=\"vc_empty_space_inner\"><\/span><\/div><\/div><\/div><\/div><\/div><\/div><\/section><!-- end section --><section class=\"container-wrap  main-color\"  style=\"background-image: url(https:\/\/oaflad.org\/wp-content\/uploads\/2020\/08\/Mask-Group-21.png); position: relative;;background-position: left center;background-repeat: no-repeat;background-attachment: scroll;background-size: cover;padding-top:40px;padding-bottom:40px\" ><div class=\"section-container container\"><div class=\"vc_row wpb_row vc_row-fluid row vc_row-has-fill\"><div class=\"wpb_column vc_column_container vc_col-sm-12\"><div class=\"vc_column-inner\"><div class=\"wpb_wrapper\"><h1 style=\"color: #941533;text-align: center;font-family:Maven Pro;font-weight:900;font-style:normal\" class=\"vc_custom_heading\" id=\"\">Campanhas<\/h1><div  class=\"kleo-gap\" style=\"height:40px;line-height:40px;\"><\/div><div class=\"vc_row wpb_row vc_inner vc_row-fluid\"><div class=\"wpb_column vc_column_container vc_col-sm-12\"><div class=\"vc_column-inner\"><div class=\"wpb_wrapper\"><div class='row members-compaign'>    <div class=\"col-md-6\">\n         <div class=\"col-md-6\">\n                 <div class=\"img-members\">\n            <a href=\"https:\/\/oaflad.org\/pt\/campaigns\/free-to-shine\/\"><img decoding=\"async\" class=\"animation\" src=\"https:\/\/oaflad.org\/wp-content\/uploads\/2020\/08\/01-397x226.jpg\"><\/a>\n        <\/div>\n        <\/div>\n         <div class=\"col-md-6\">\n        <div class=\"name\"><span class=\"name\">Livre para brilhar<\/span><\/div>\n        <p><p>A estrat\u00e9gia adoptada pela OAFLA e pela Uni\u00e3o Africana \u00e9 co-liderar uma campanha continental para acabar com as novas infec\u00e7\u00f5es por VIH em crian\u00e7as e manter as m\u00e3es vivas chamada Free to Shine Campaign. Esta \u00faltima foi oficialmente lan\u00e7ada em Janeiro de 2018 em Adis Abeba Eti\u00f3pia.<\/p>\n<span class=\"readmore\"><a href=\"https:\/\/oaflad.org\/pt\/campaigns\/free-to-shine\/\">Leia mais<\/a><\/span><\/p>\n            <\/div>\n               \n        \n    <\/div>\n        \n   <div>\n\t<div class=\"kleo_text_column wpb_text_column wpb_content_element\" >\n\t\t<div class=\"wpb_wrapper\">\n\t\t\t\n\n\t\t<\/div>\n\t<\/div><\/div><\/div><\/div><\/div><\/div><\/div><\/div><\/div><\/div><\/section><!-- end section --><section class=\"container-wrap  main-color\"  style=\"background-color: #d46930;padding-top:40px;padding-bottom:70px\" ><div class=\"section-container container\"><div id=\"partners\" class=\"vc_row wpb_row vc_row-fluid row vc_row-has-fill\"><div class=\"wpb_column vc_column_container vc_col-sm-12\"><div class=\"vc_column-inner\"><div class=\"wpb_wrapper\"><h1 style=\"color: #ffffff;text-align: center;font-family:Maven Pro;font-weight:900;font-style:normal\" class=\"vc_custom_heading\" id=\"\">Os nossos parceiros<\/h1><div class=\"vc_row wpb_row vc_inner vc_row-fluid\"><div class=\"wpb_column vc_column_container vc_col-sm-2\"><div class=\"vc_column-inner\"><div class=\"wpb_wrapper\"><\/div><\/div><\/div><div class=\"wpb_column vc_column_container vc_col-sm-8\"><div class=\"vc_column-inner\"><div class=\"wpb_wrapper\">\n\t<div class=\"kleo_text_column wpb_text_column wpb_content_element\" >\n\t\t<div class=\"wpb_wrapper\">\n\t\t\t<p style=\"text-align: center;\"><span style=\"color: #ffffff;\">Para melhor responder \u00e0s necessidades dos membros visados da comunidade, o estabelecimento de parcerias e trabalho em rede com institui\u00e7\u00f5es semelhantes para promover o trabalho colaborativo e optimizar as doa\u00e7\u00f5es dos apoiantes \u00e9 parte integrante da estrat\u00e9gia do OAFLAD para melhorar a visibilidade organizacional e o compromisso das partes interessadas e para assegurar a sustentabilidade program\u00e1tica e financeira.<\/span><\/p>\n\n\t\t<\/div>\n\t<\/div><div  class=\"kleo-gap\" style=\"height:40px;line-height:40px;\"><\/div><\/div><\/div><\/div><div class=\"wpb_column vc_column_container vc_col-sm-2\"><div class=\"vc_column-inner\"><div class=\"wpb_wrapper\"><\/div><\/div><\/div><\/div><div class=\"vc_row wpb_row vc_inner vc_row-fluid vc_custom_1598284326531\"><div class=\"wpb_column vc_column_container vc_col-sm-12\"><div class=\"vc_column-inner vc_custom_1598541194943\"><div class=\"wpb_wrapper\"><div class='row Partners-wrappers'>     \n      <div class=\"col-sm-1-5\" style=\"padding: 10px;\">\n                             <a href=\"https:\/\/au.int \" target=\"_blank\">\n           <img decoding=\"async\" src=\"https:\/\/oaflad.org\/wp-content\/uploads\/2020\/08\/logos_i-672x448.jpg\" alt=\"\"> \n             <\/a>\n           \n\n           \n          <\/div>\n         \n        \n         \n    \n        \n        \n      <div class=\"col-sm-1-5\" style=\"padding: 10px;\">\n                             <a href=\"https:\/\/www.unaids.org\/en \" target=\"_blank\">\n           <img decoding=\"async\" src=\"https:\/\/oaflad.org\/wp-content\/uploads\/2020\/08\/logos_UNAIDS-672x448.jpg\" alt=\"\"> \n             <\/a>\n           \n\n           \n          <\/div>\n         \n        \n         \n    \n        \n        \n      <div class=\"col-sm-1-5\" style=\"padding: 10px;\">\n                             <a href=\"https:\/\/www.unfpa.org\" target=\"_blank\">\n           <img decoding=\"async\" src=\"https:\/\/oaflad.org\/wp-content\/uploads\/2020\/08\/logos_UNFPA-672x448.jpg\" alt=\"\"> \n             <\/a>\n           \n\n           \n          <\/div>\n         \n        \n         \n    \n        \n        \n      <div class=\"col-sm-1-5\" style=\"padding: 10px;\">\n                             <a href=\"https:\/\/www.who.int \" target=\"_blank\">\n           <img decoding=\"async\" src=\"https:\/\/oaflad.org\/wp-content\/uploads\/2020\/08\/logos_WHO-672x448.jpg\" alt=\"\"> \n             <\/a>\n           \n\n           \n          <\/div>\n         \n        \n         \n    \n        \n        \n      <div class=\"col-sm-1-5\" style=\"padding: 10px;\">\n                             <a href=\"https:\/\/www.unicef.org \" target=\"_blank\">\n           <img decoding=\"async\" src=\"https:\/\/oaflad.org\/wp-content\/uploads\/2020\/08\/logos_unicef-672x449.jpg\" alt=\"\"> \n             <\/a>\n           \n\n           \n          <\/div>\n         \n        \n         \n    \n        \n        \n      <div class=\"col-sm-1-5\" style=\"padding: 10px;\">\n                             <a href=\"https:\/\/www.theglobalfund.org\/en\/ \" target=\"_blank\">\n           <img decoding=\"async\" src=\"https:\/\/oaflad.org\/wp-content\/uploads\/2020\/08\/logos_The-Global-Fund-672x449.jpg\" alt=\"\"> \n             <\/a>\n           \n\n           \n          <\/div>\n         \n        \n         \n    \n        \n        \n      <div class=\"col-sm-1-5\" style=\"padding: 10px;\">\n                             <a href=\"https:\/\/www.ippf.org \" target=\"_blank\">\n           <img decoding=\"async\" src=\"https:\/\/oaflad.org\/wp-content\/uploads\/2020\/08\/logos_IPPF-672x448.jpg\" alt=\"\"> \n             <\/a>\n           \n\n           \n          <\/div>\n         \n        \n         \n    \n        \n        \n      <div class=\"col-sm-1-5\" style=\"padding: 10px;\">\n                             <a href=\"https:\/\/www.gavi.org\/fr\" target=\"_blank\">\n           <img decoding=\"async\" src=\"https:\/\/oaflad.org\/wp-content\/uploads\/2020\/08\/logos_gavi-672x449.jpg\" alt=\"\"> \n             <\/a>\n           \n\n           \n          <\/div>\n         \n        \n         \n    \n        \n        \n      <div class=\"col-sm-1-5\" style=\"padding: 10px;\">\n                             <a href=\"https:\/\/www.abbott.com\" target=\"_blank\">\n           <img decoding=\"async\" src=\"https:\/\/oaflad.org\/wp-content\/uploads\/2020\/08\/logos_Abbott-672x448.jpg\" alt=\"\"> \n             <\/a>\n           \n\n           \n          <\/div>\n         \n        \n         \n    \n        \n        \n      <div class=\"col-sm-1-5\" style=\"padding: 10px;\">\n                             <a href=\"https:\/\/www.gilead.com \" target=\"_blank\">\n           <img decoding=\"async\" src=\"https:\/\/oaflad.org\/wp-content\/uploads\/2020\/08\/logos_Gilead-672x448.jpg\" alt=\"\"> \n             <\/a>\n           \n\n           \n          <\/div>\n         \n        \n         \n    \n        \n        \n      <div class=\"col-sm-1-5\" style=\"padding: 10px;\">\n                             <a href=\"https:\/\/www.roche.com \" target=\"_blank\">\n           <img decoding=\"async\" src=\"https:\/\/oaflad.org\/wp-content\/uploads\/2020\/08\/logos_Roche-672x448.jpg\" alt=\"\"> \n             <\/a>\n           \n\n           \n          <\/div>\n         \n        \n         \n    \n        \n        \n      <div class=\"col-sm-1-5\" style=\"padding: 10px;\">\n                             <a href=\"http:\/\/en.cabc.org.cn\/?c=networks&a=index\" target=\"_blank\">\n           <img decoding=\"async\" src=\"https:\/\/oaflad.org\/wp-content\/uploads\/2020\/08\/logos_Chin-Africa-672x448.jpg\" alt=\"\"> \n             <\/a>\n           \n\n           \n          <\/div>\n         \n        \n         \n    \n        \n        \n      <div class=\"col-sm-1-5\" style=\"padding: 10px;\">\n                             <a href=\"https:\/\/pedaids.org\" target=\"_blank\">\n           <img decoding=\"async\" src=\"https:\/\/oaflad.org\/wp-content\/uploads\/2020\/08\/logos_Elizabeth-Glaser-Pediatric-AIDS-Foundation-672x449.jpg\" alt=\"\"> \n             <\/a>\n           \n\n           \n          <\/div>\n         \n        \n         \n    \n        \n        \n      <div class=\"col-sm-1-5\" style=\"padding: 10px;\">\n                             <a href=\"https:\/\/www.gfla.org \" target=\"_blank\">\n           <img decoding=\"async\" src=\"https:\/\/oaflad.org\/wp-content\/uploads\/2020\/08\/logos_Global-First-Ladies-Alliance-672x449.jpg\" alt=\"\"> \n             <\/a>\n           \n\n           \n          <\/div>\n         \n        \n         \n    \n        \n        \n      <div class=\"col-sm-1-5\" style=\"padding: 10px;\">\n                             <a href=\"https:\/\/plan-international.org \" target=\"_blank\">\n           <img decoding=\"async\" src=\"https:\/\/oaflad.org\/wp-content\/uploads\/2020\/08\/logos_Plan-international-672x448.jpg\" alt=\"\"> \n             <\/a>\n           \n\n           \n          <\/div>\n         \n        \n         \n    \n        \n        \n      <div class=\"col-sm-1-5\" style=\"padding: 10px;\">\n                             <a href=\"https:\/\/amref.org \" target=\"_blank\">\n           <img decoding=\"async\" src=\"https:\/\/oaflad.org\/wp-content\/uploads\/2020\/08\/logos_amref-672x448.jpg\" alt=\"\"> \n             <\/a>\n           \n\n           \n          <\/div>\n         \n        \n         \n    \n        \n   <\/div>\n\t<div class=\"kleo_text_column wpb_text_column wpb_content_element\" >\n\t\t<div class=\"wpb_wrapper\">\n\t\t\t\n\n\t\t<\/div>\n\t<\/div><\/div><\/div><\/div><\/div><\/div><\/div><\/div><div class=\"wpb_column vc_column_container vc_col-sm-12\"><div class=\"vc_column-inner\"><div class=\"wpb_wrapper\"><\/div><\/div><\/div><\/div><\/div><\/section><!-- end section --><\/p>","protected":false},"excerpt":{"rendered":"","protected":false},"author":1,"featured_media":0,"parent":0,"menu_order":0,"comment_status":"closed","ping_status":"closed","template":"","meta":{"_bbp_topic_count":0,"_bbp_reply_count":0,"_bbp_total_topic_count":0,"_bbp_total_reply_count":0,"_bbp_voice_count":0,"_bbp_anonymous_reply_count":0,"_bbp_topic_count_hidden":0,"_bbp_reply_count_hidden":0,"_bbp_forum_subforum_count":0,"footnotes":""},"acf":[],"_links":{"self":[{"href":"https:\/\/oaflad.org\/pt\/wp-json\/wp\/v2\/pages\/2954"}],"collection":[{"href":"https:\/\/oaflad.org\/pt\/wp-json\/wp\/v2\/pages"}],"about":[{"href":"https:\/\/oaflad.org\/pt\/wp-json\/wp\/v2\/types\/page"}],"author":[{"embeddable":true,"href":"https:\/\/oaflad.org\/pt\/wp-json\/wp\/v2\/users\/1"}],"replies":[{"embeddable":true,"href":"https:\/\/oaflad.org\/pt\/wp-json\/wp\/v2\/comments?post=2954"}],"version-history":[{"count":24,"href":"https:\/\/oaflad.org\/pt\/wp-json\/wp\/v2\/pages\/2954\/revisions"}],"predecessor-version":[{"id":4419,"href":"https:\/\/oaflad.org\/pt\/wp-json\/wp\/v2\/pages\/2954\/revisions\/4419"}],"wp:attachment":[{"href":"https:\/\/oaflad.org\/pt\/wp-json\/wp\/v2\/media?parent=2954"}],"curies":[{"name":"wp","href":"https:\/\/api.w.org\/{rel}","templated":true}]}}