{"id":2965,"date":"2020-08-24T15:45:00","date_gmt":"2020-08-24T15:45:00","guid":{"rendered":"http:\/\/oflad20082020.appwebstage.com\/?page_id=2965"},"modified":"2022-11-28T17:37:34","modified_gmt":"2022-11-28T17:37:34","slug":"what_we-do","status":"publish","type":"page","link":"https:\/\/oaflad.org\/pt\/what_we-do\/","title":{"rendered":"O que fazemos"},"content":{"rendered":"<section class=\"container-wrap  main-color custom-color\"  style=\"color: #ffffff;background-image: url(https:\/\/oaflad.org\/wp-content\/uploads\/2020\/08\/Mask-Group-19-n.png); position: relative;;background-color: #941533;background-position: right bottom;background-repeat: no-repeat;background-attachment: scroll;background-size: cover;padding-top:40px;padding-bottom:40px\" ><div class=\"section-container container\"><div class=\"vc_row wpb_row vc_row-fluid row vc_row-has-fill\"><div class=\"wpb_column vc_column_container vc_col-sm-12\"><div class=\"vc_column-inner\"><div class=\"wpb_wrapper\"><div class=\"vc_row wpb_row vc_inner vc_row-fluid\"><div class=\"wpb_column vc_column_container vc_col-sm-3\"><div class=\"vc_column-inner\"><div class=\"wpb_wrapper\"><\/div><\/div><\/div><div class=\"wpb_column vc_column_container vc_col-sm-6\"><div class=\"vc_column-inner\"><div class=\"wpb_wrapper\"><div  class=\"kleo-gap\" style=\"height:50px;line-height:50px;\"><\/div>\n\t<div class=\"kleo_text_column wpb_text_column wpb_content_element\" >\n\t\t<div class=\"wpb_wrapper\">\n\t\t\t<p style=\"text-align: center;\"><span style=\"color: #ffffff;\">As actividades de advocacia das Primeiras Damas de \u00c1frica est\u00e3o ancoradas num \u00fanico objectivo:<\/span><\/p>\n<h1 style=\"text-align: center;\"><span style=\"color: #ffffff;\">Dar uma contribui\u00e7\u00e3o significativa para a sa\u00fade e bem-estar das crian\u00e7as, jovens e mulheres em \u00c1frica.<\/span><\/h1>\n\n\t\t<\/div>\n\t<\/div><div  class=\"kleo-gap\" style=\"height:50px;line-height:50px;\"><\/div><\/div><\/div><\/div><div class=\"wpb_column vc_column_container vc_col-sm-3\"><div class=\"vc_column-inner\"><div class=\"wpb_wrapper\"><\/div><\/div><\/div><\/div><\/div><\/div><\/div><\/div><\/div><\/section><!-- end section --><section class=\"container-wrap  main-color\"  style=\"background-image: url(https:\/\/oaflad.org\/wp-content\/uploads\/2020\/08\/Mask-Group-12.png); position: relative;;background-position: center center;background-repeat: no-repeat;background-attachment: scroll;background-size: cover;padding-top:40px;padding-bottom:40px\" ><div class=\"section-container container\"><div class=\"vc_row wpb_row vc_row-fluid row vc_row-has-fill\"><div class=\"wpb_column vc_column_container vc_col-sm-12\"><div class=\"vc_column-inner\"><div class=\"wpb_wrapper\"><div class=\"vc_row wpb_row vc_inner vc_row-fluid padding-30px\"><div class=\"wpb_column vc_column_container vc_col-sm-3\"><div class=\"vc_column-inner\"><div class=\"wpb_wrapper\"><\/div><\/div><\/div><div class=\"wpb_column vc_column_container vc_col-sm-6\"><div class=\"vc_column-inner\"><div class=\"wpb_wrapper\"><h1 style=\"color: #ffffff;text-align: center;font-family:Maven Pro;font-weight:900;font-style:normal\" class=\"vc_custom_heading\" id=\"\">O nosso foco<\/h1>\n\t<div class=\"kleo_text_column wpb_text_column wpb_content_element\"  style=\" color:#ffffff;\">\n\t\t<div class=\"wpb_wrapper\">\n\t\t\t<h3 style=\"text-align: center;\"><strong>VIH e SIDA<\/strong><\/h3>\n<h3><\/h3>\n<h3 style=\"text-align: center;\"><strong>Non-communical Diseases (NCDs)<\/strong><\/h3>\n<h3><\/h3>\n<h3 style=\"text-align: center;\"><strong>Sa\u00fade Reprodutiva, Materna, Neonatal e Infantil (RMNCH)<\/strong><\/h3>\n<h3><\/h3>\n<h3 style=\"text-align: center;\"><strong>Igualdade de G\u00e9nero Mulheres e Empoderamento dos Jovens<\/strong><\/h3>\n<h3><\/h3>\n<h3 style=\"text-align: center;\"><strong>Seguran\u00e7a e Protec\u00e7\u00e3o Social incluindo Pessoas com Defici\u00eancia<\/strong><\/h3>\n<h3><\/h3>\n<h3 style=\"text-align: center;\"><strong>Refor\u00e7o da Capacidade Institucional<\/strong><\/h3>\n\n\t\t<\/div>\n\t<\/div><div class=\"text-center\"><a class=\"btn btn-see-through\" href=\"\/pt\/our-work\/\">ver projectos<\/a><\/div><\/div><\/div><\/div><div class=\"wpb_column vc_column_container vc_col-sm-3\"><div class=\"vc_column-inner\"><div class=\"wpb_wrapper\"><\/div><\/div><\/div><\/div><div  class=\"kleo-gap\" style=\"height:100px;line-height:100px;\"><\/div><\/div><\/div><\/div><\/div><\/div><\/section><!-- end section --><section class=\"container-wrap  add-flex-to-wrapper main-color\"  style=\"padding-top:40px;padding-bottom:40px\" ><div class=\"section-container container\"><div class=\"vc_row wpb_row vc_row-fluid row\"><div class=\"add-flex wpb_column vc_column_container vc_col-sm-3\"><div class=\"vc_column-inner\"><div class=\"wpb_wrapper\"><h1 style=\"color: #707070;text-align: center;font-family:Maven Pro;font-weight:900;font-style:normal\" class=\"vc_custom_heading\" id=\"\">Princ\u00edpio de<br \/>\nfuncionamento<\/h1><\/div><\/div><\/div><div class=\"wpb_column vc_column_container vc_col-sm-9\"><div class=\"vc_column-inner\"><div class=\"wpb_wrapper\"><div class=\"vc_row wpb_row vc_inner vc_row-fluid padding-40px\"><div class=\"wpb_column vc_column_container vc_col-sm-4\"><div class=\"vc_column-inner\"><div class=\"wpb_wrapper\"><h3 style=\"color: #707070;text-align: left;font-family:Maven Pro;font-weight:700;font-style:normal\" class=\"vc_custom_heading\" id=\"\">Sens\u00edvel ao g\u00e9nero<\/h3>\n\t<div class=\"kleo_text_column wpb_text_column wpb_content_element\" >\n\t\t<div class=\"wpb_wrapper\">\n\t\t\t<p>Assegurar que as interven\u00e7\u00f5es que o OAFLAD faz proporcionam \u00e0s mulheres, aos homens, \u00e0s raparigas e aos rapazes o mesmo gozo de direitos, oportunidades e recompensas.<\/p>\n\n\t\t<\/div>\n\t<\/div><\/div><\/div><\/div><div class=\"wpb_column vc_column_container vc_col-sm-4\"><div class=\"vc_column-inner\"><div class=\"wpb_wrapper\"><h3 style=\"color: #707070;text-align: left;font-family:Maven Pro;font-weight:700;font-style:normal\" class=\"vc_custom_heading\" id=\"\">Envolver-se Globalmente<\/h3>\n\t<div class=\"kleo_text_column wpb_text_column wpb_content_element\" >\n\t\t<div class=\"wpb_wrapper\">\n\t\t\t<p>Alinhamento com os Objectivos de Desenvolvimento Sustent\u00e1vel (ODS) e a agenda para \u00c1frica 2063.<\/p>\n\n\t\t<\/div>\n\t<\/div><\/div><\/div><\/div><div class=\"wpb_column vc_column_container vc_col-sm-4\"><div class=\"vc_column-inner\"><div class=\"wpb_wrapper\"><h3 style=\"color: #707070;text-align: left;font-family:Maven Pro;font-weight:700;font-style:normal\" class=\"vc_custom_heading\" id=\"\">Integrado<\/h3>\n\t<div class=\"kleo_text_column wpb_text_column wpb_content_element\" >\n\t\t<div class=\"wpb_wrapper\">\n\t\t\t<p>Promover a integra\u00e7\u00e3o das interven\u00e7\u00f5es dos apoios do OAFLAD, a fim de maximizar o impacto dos nossos investimentos.<\/p>\n\n\t\t<\/div>\n\t<\/div><\/div><\/div><\/div><\/div><div  class=\"kleo-gap\" style=\"height:30px;line-height:30px;\"><\/div><div class=\"vc_row wpb_row vc_inner vc_row-fluid padding-40px\"><div class=\"wpb_column vc_column_container vc_col-sm-4\"><div class=\"vc_column-inner\"><div class=\"wpb_wrapper\"><h3 style=\"color: #707070;text-align: left;font-family:Maven Pro;font-weight:700;font-style:normal\" class=\"vc_custom_heading\" id=\"\">Catalisador e Sustent\u00e1vel<\/h3>\n\t<div class=\"kleo_text_column wpb_text_column wpb_content_element\" >\n\t\t<div class=\"wpb_wrapper\">\n\t\t\t<p>Fornecer apoio para gerar resultados sustent\u00e1veis a longo prazo.<\/p>\n\n\t\t<\/div>\n\t<\/div><\/div><\/div><\/div><div class=\"wpb_column vc_column_container vc_col-sm-4\"><div class=\"vc_column-inner\"><div class=\"wpb_wrapper\"><h3 style=\"color: #707070;text-align: left;font-family:Maven Pro;font-weight:700;font-style:normal\" class=\"vc_custom_heading\" id=\"\">Baseado em provas e focalizado nos resultados<\/h3>\n\t<div class=\"kleo_text_column wpb_text_column wpb_content_element\" >\n\t\t<div class=\"wpb_wrapper\">\n\t\t\t<p>Assegurar que o OAFLAD interv\u00e9m apenas em programas e actividades baseados em provas e que alcancem resultados mensur\u00e1veis.<\/p>\n\n\t\t<\/div>\n\t<\/div><\/div><\/div><\/div><div class=\"wpb_column vc_column_container vc_col-sm-4\"><div class=\"vc_column-inner\"><div class=\"wpb_wrapper\"><h3 style=\"color: #707070;text-align: left;font-family:Maven Pro;font-weight:700;font-style:normal\" class=\"vc_custom_heading\" id=\"\">Consciente do ambiente<\/h3>\n\t<div class=\"kleo_text_column wpb_text_column wpb_content_element\" >\n\t\t<div class=\"wpb_wrapper\">\n\t\t\t<p>Reduzir e mitigar qualquer impacto negativo dos investimentos do OAFLAD sobre o ambiente.<\/p>\n\n\t\t<\/div>\n\t<\/div><\/div><\/div><\/div><\/div><div  class=\"kleo-gap\" style=\"height:30px;line-height:30px;\"><\/div><div class=\"vc_row wpb_row vc_inner vc_row-fluid padding-40px\"><div class=\"wpb_column vc_column_container vc_col-sm-4\"><div class=\"vc_column-inner\"><div class=\"wpb_wrapper\"><\/div><\/div><\/div><div class=\"wpb_column vc_column_container vc_col-sm-4\"><div class=\"vc_column-inner\"><div class=\"wpb_wrapper\"><h3 style=\"color: #707070;text-align: left;font-family:Maven Pro;font-weight:700;font-style:normal\" class=\"vc_custom_heading\" id=\"\">Baseado nos direitos<\/h3>\n\t<div class=\"kleo_text_column wpb_text_column wpb_content_element\" >\n\t\t<div class=\"wpb_wrapper\">\n\t\t\t<p>Assegurar que o objectivo final das interven\u00e7\u00f5es \u00e9 a realiza\u00e7\u00e3o dos direitos das mulheres, homens, raparigas e rapazes, e grupos vulner\u00e1veis, tal como articulados em conven\u00e7\u00f5es e declara\u00e7\u00f5es nacionais, regionais e internacionais.<\/p>\n\n\t\t<\/div>\n\t<\/div><\/div><\/div><\/div><div class=\"wpb_column vc_column_container vc_col-sm-4\"><div class=\"vc_column-inner\"><div class=\"wpb_wrapper\"><\/div><\/div><\/div><\/div><div  class=\"kleo-gap\" style=\"height:30px;line-height:30px;\"><\/div><\/div><\/div><\/div><\/div><\/div><\/section><!-- end section --><\/p>","protected":false},"excerpt":{"rendered":"The First Ladies of Africa advocacy activities are anchored on one goal: To make a significant contribution to the health and well-being of children, youth and women in Africa. Our Focus HIV and AIDS Non-communical Diseases (NCDs) Reproductive, Maternal, Newborn and Child Health (RMNCH) Gender Equality Women and Youth Empowerment Social Security and Protection including Persons with Disabilities Institutional Capacity [...]","protected":false},"author":1,"featured_media":0,"parent":0,"menu_order":0,"comment_status":"closed","ping_status":"closed","template":"","meta":{"_bbp_topic_count":0,"_bbp_reply_count":0,"_bbp_total_topic_count":0,"_bbp_total_reply_count":0,"_bbp_voice_count":0,"_bbp_anonymous_reply_count":0,"_bbp_topic_count_hidden":0,"_bbp_reply_count_hidden":0,"_bbp_forum_subforum_count":0,"footnotes":""},"acf":[],"_links":{"self":[{"href":"https:\/\/oaflad.org\/pt\/wp-json\/wp\/v2\/pages\/2965"}],"collection":[{"href":"https:\/\/oaflad.org\/pt\/wp-json\/wp\/v2\/pages"}],"about":[{"href":"https:\/\/oaflad.org\/pt\/wp-json\/wp\/v2\/types\/page"}],"author":[{"embeddable":true,"href":"https:\/\/oaflad.org\/pt\/wp-json\/wp\/v2\/users\/1"}],"replies":[{"embeddable":true,"href":"https:\/\/oaflad.org\/pt\/wp-json\/wp\/v2\/comments?post=2965"}],"version-history":[{"count":8,"href":"https:\/\/oaflad.org\/pt\/wp-json\/wp\/v2\/pages\/2965\/revisions"}],"predecessor-version":[{"id":2972,"href":"https:\/\/oaflad.org\/pt\/wp-json\/wp\/v2\/pages\/2965\/revisions\/2972"}],"wp:attachment":[{"href":"https:\/\/oaflad.org\/pt\/wp-json\/wp\/v2\/media?parent=2965"}],"curies":[{"name":"wp","href":"https:\/\/api.w.org\/{rel}","templated":true}]}}